{"id":184,"date":"2018-03-14T20:35:20","date_gmt":"2018-03-14T20:35:20","guid":{"rendered":"http:\/\/www.valoura.com\/?page_id=184"},"modified":"2021-06-30T09:06:06","modified_gmt":"2021-06-30T09:06:06","slug":"origenes","status":"publish","type":"page","link":"https:\/\/www.valoura.com\/?page_id=184","title":{"rendered":"Origenes"},"content":{"rendered":"<p>El apellido <span style=\"color: #339966;\"><strong>Valoura<\/strong><\/span> tiene posible origen topon\u00edmica y est\u00e1 relacionado con los apellidos <a title=\"Consultar el apellido  Louro\" href=\"https:\/\/apelidosgalicia.org\/louro-3240\">Louro<\/a>, <a title=\"Consultar el apellido  Val\" href=\"https:\/\/apelidosgalicia.org\/val-2445\">Val<\/a>. Es originario del Norte de Portugal y existen tambien en Espa\u00f1a concretamente en Galicia en la Region de Ourense la mayoria descendientes de Portugal<\/p>\n\n\n<p><\/p>\n","protected":false},"excerpt":{"rendered":"<p>El apellido Valoura tiene posible origen topon\u00edmica y est\u00e1 relacionado con los apellidos Louro, Val. Es originario del Norte de Portugal y existen tambien en Espa\u00f1a concretamente en Galicia en la Region de Ourense la mayoria descendientes de Portugal<\/p>\n","protected":false},"author":1,"featured_media":0,"parent":0,"menu_order":9,"comment_status":"closed","ping_status":"closed","template":"","meta":{"footnotes":""},"class_list":["post-184","page","type-page","status-publish","hentry"],"_links":{"self":[{"href":"https:\/\/www.valoura.com\/index.php?rest_route=\/wp\/v2\/pages\/184","targetHints":{"allow":["GET"]}}],"collection":[{"href":"https:\/\/www.valoura.com\/index.php?rest_route=\/wp\/v2\/pages"}],"about":[{"href":"https:\/\/www.valoura.com\/index.php?rest_route=\/wp\/v2\/types\/page"}],"author":[{"embeddable":true,"href":"https:\/\/www.valoura.com\/index.php?rest_route=\/wp\/v2\/users\/1"}],"replies":[{"embeddable":true,"href":"https:\/\/www.valoura.com\/index.php?rest_route=%2Fwp%2Fv2%2Fcomments&post=184"}],"version-history":[{"count":2,"href":"https:\/\/www.valoura.com\/index.php?rest_route=\/wp\/v2\/pages\/184\/revisions"}],"predecessor-version":[{"id":254,"href":"https:\/\/www.valoura.com\/index.php?rest_route=\/wp\/v2\/pages\/184\/revisions\/254"}],"wp:attachment":[{"href":"https:\/\/www.valoura.com\/index.php?rest_route=%2Fwp%2Fv2%2Fmedia&parent=184"}],"curies":[{"name":"wp","href":"https:\/\/api.w.org\/{rel}","templated":true}]}}